{"id":5,"date":"2018-03-28T12:46:45","date_gmt":"2018-03-28T12:46:45","guid":{"rendered":"http:\/\/bridge206.qodeinteractive.com\/?page_id=5"},"modified":"2018-08-01T22:14:24","modified_gmt":"2018-08-01T22:14:24","slug":"home","status":"publish","type":"page","link":"http:\/\/walor.krakow.pl\/","title":{"rendered":"Home"},"content":{"rendered":"<div class=\"wpb-content-wrapper\"><p>[vc_row css_animation=&#8221;&#8221; row_type=&#8221;row&#8221; use_row_as_full_screen_section=&#8221;no&#8221; type=&#8221;grid&#8221; angled_section=&#8221;no&#8221; text_align=&#8221;left&#8221; background_image_as_pattern=&#8221;without_pattern&#8221; z_index=&#8221;&#8221; css=&#8221;.vc_custom_1522417278763{padding-top: 25px !important;}&#8221;][vc_column offset=&#8221;vc_col-lg-offset-0 vc_col-lg-6 vc_col-md-offset-0 vc_col-md-12 vc_col-xs-12&#8243;][vc_column_text]Od 1989 roku zajmujemy si\u0119 wykonywaniem reklam, staraj\u0105c\u00a0 si\u0119\u00a0 sprosta\u0107 oczekiwaniom naszych Klient\u00f3w.<\/p>\n<p>Od 1992 do 2011 roku\u00a0 mieli\u015bmy\u00a0 siedzib\u0119 \u00a0w Krakowie\u00a0 przy\u00a0 ul. Zamenhofa 10\/3\u00a0 obecnie znajdujemy si\u0119 przy ul. Wybickiego 3A\u00a0 w\u00a0 Krakowie.<br \/>\nWi\u0119kszo\u015b\u0107 Klient\u00f3w jest zadowolonych z naszych us\u0142ug<br \/>\n\u2013 zapraszamy do wsp\u00f3\u0142pracy.[\/vc_column_text][\/vc_column][vc_column offset=&#8221;vc_col-lg-offset-0 vc_col-lg-6 vc_col-md-offset-0 vc_col-md-12 vc_col-sm-offset-0 vc_col-xs-12&#8243;][vc_column_text]Wykonujemy szeroko rozumian\u0105 reklam\u0119 wizualn\u0105:<\/p>\n<p>&#8211; wydruki solventowe\u00a0 laminowane,<\/p>\n<p>&#8211; plansze, tablice\u00a0 na pcv, dubond, pleksi<\/p>\n<p>&#8211; fototapety klejone na \u015bcian\u0119<\/p>\n<p>&#8211; tabliczki, szyldy<\/p>\n<p>&#8211; napisy wycinane z folii samoprzylepnej<\/p>\n<p>&#8211; naklejki samoprzylepne drukowane i wycinane w dowolnych kszta\u0142tach[\/vc_column_text][\/vc_column][\/vc_row][vc_row css_animation=&#8221;&#8221; row_type=&#8221;row&#8221; use_row_as_full_screen_section=&#8221;no&#8221; type=&#8221;grid&#8221; angled_section=&#8221;no&#8221; text_align=&#8221;left&#8221; background_image_as_pattern=&#8221;without_pattern&#8221; z_index=&#8221;&#8221; css=&#8221;.vc_custom_1522311535071{padding-top: 180px !important;}&#8221;][vc_column]<div class=\"qode-advanced-image-gallery  qode-aig-masonry-type qode-small-space  qode-image-behavior-lightbox qode-aig-images-fixed\">\n\t<div class=\"qode-aig-inner qode-outer-space qode-aig-masonry qode-aig-four-columns\">\n\t\t<div class=\"qode-aig-grid-sizer\"><\/div>\n\t\t<div class=\"qode-aig-grid-gutter\"><\/div>\n\t\t\t\t\t\t\t\t<div class=\"qode-aig-image qode-item-space qode-aig-large-width-masonry-item\">\n\t\t\t\t<div class=\"qode-aig-image-inner\">\n\t\t\t\t\t\t\t\t\t\t\t<a itemprop=\"image\" class=\"qode-aig-lightbox\" href=\"http:\/\/walor.krakow.pl\/wp-content\/uploads\/2018\/07\/P1010277-e1531230131408.jpg\" data-rel=\"prettyPhoto[image_gallery_pretty_photo-582]\" title=\"OLYMPUS DIGITAL CAMERA\">\n\t\t\t\t\t\t\t\t\t\t\t<img loading=\"lazy\" decoding=\"async\" src=\"http:\/\/walor.krakow.pl\/wp-content\/uploads\/2018\/07\/P1010277-e1531230131408-800x800.jpg\" alt=\"\" width=\"800\" height=\"800\" \/>\t\t\t\t\t\t<span class=\"aig-gallery-hover\">\n\t\t\t\t\t\t\t\t\t\t\t\t\t<\/span>\n\t\t\t\t\t\t\t\t\t\t\t<\/a>\n\t\t\t\t\t\t\t\t\t<\/div>\n\t\t\t<\/div>\n\t\t\t\t\t\t\t\t<div class=\"qode-aig-image qode-item-space qode-aig-default-masonry-item\">\n\t\t\t\t<div class=\"qode-aig-image-inner\">\n\t\t\t\t\t\t\t\t\t\t\t<a itemprop=\"image\" class=\"qode-aig-lightbox\" href=\"http:\/\/walor.krakow.pl\/wp-content\/uploads\/2018\/07\/Photo34.jpg\" data-rel=\"prettyPhoto[image_gallery_pretty_photo-582]\" title=\"Photo34\">\n\t\t\t\t\t\t\t\t\t\t\t<img loading=\"lazy\" decoding=\"async\" src=\"http:\/\/walor.krakow.pl\/wp-content\/uploads\/2018\/07\/Photo34-800x800.jpg\" alt=\"\" width=\"800\" height=\"800\" \/>\t\t\t\t\t\t<span class=\"aig-gallery-hover\">\n\t\t\t\t\t\t\t\t\t\t\t\t\t<\/span>\n\t\t\t\t\t\t\t\t\t\t\t<\/a>\n\t\t\t\t\t\t\t\t\t<\/div>\n\t\t\t<\/div>\n\t\t\t\t\t\t\t\t<div class=\"qode-aig-image qode-item-space qode-aig-default-masonry-item\">\n\t\t\t\t<div class=\"qode-aig-image-inner\">\n\t\t\t\t\t\t\t\t\t\t\t<a itemprop=\"image\" class=\"qode-aig-lightbox\" href=\"http:\/\/walor.krakow.pl\/wp-content\/uploads\/2018\/07\/SAM_0766.jpg\" data-rel=\"prettyPhoto[image_gallery_pretty_photo-582]\" title=\"SAM_0766\">\n\t\t\t\t\t\t\t\t\t\t\t<img loading=\"lazy\" decoding=\"async\" src=\"http:\/\/walor.krakow.pl\/wp-content\/uploads\/2018\/07\/SAM_0766-800x800.jpg\" alt=\"\" width=\"800\" height=\"800\" \/>\t\t\t\t\t\t<span class=\"aig-gallery-hover\">\n\t\t\t\t\t\t\t\t\t\t\t\t\t<\/span>\n\t\t\t\t\t\t\t\t\t\t\t<\/a>\n\t\t\t\t\t\t\t\t\t<\/div>\n\t\t\t<\/div>\n\t\t\t\t\t\t\t\t<div class=\"qode-aig-image qode-item-space qode-aig-default-masonry-item\">\n\t\t\t\t<div class=\"qode-aig-image-inner\">\n\t\t\t\t\t\t\t\t\t\t\t<a itemprop=\"image\" class=\"qode-aig-lightbox\" href=\"http:\/\/walor.krakow.pl\/wp-content\/uploads\/2018\/07\/SAM_0767.jpg\" data-rel=\"prettyPhoto[image_gallery_pretty_photo-582]\" title=\"SAM_0767\">\n\t\t\t\t\t\t\t\t\t\t\t<img loading=\"lazy\" decoding=\"async\" src=\"http:\/\/walor.krakow.pl\/wp-content\/uploads\/2018\/07\/SAM_0767-800x800.jpg\" alt=\"\" width=\"800\" height=\"800\" \/>\t\t\t\t\t\t<span class=\"aig-gallery-hover\">\n\t\t\t\t\t\t\t\t\t\t\t\t\t<\/span>\n\t\t\t\t\t\t\t\t\t\t\t<\/a>\n\t\t\t\t\t\t\t\t\t<\/div>\n\t\t\t<\/div>\n\t\t\t\t\t\t\t\t<div class=\"qode-aig-image qode-item-space qode-aig-default-masonry-item\">\n\t\t\t\t<div class=\"qode-aig-image-inner\">\n\t\t\t\t\t\t\t\t\t\t\t<a itemprop=\"image\" class=\"qode-aig-lightbox\" href=\"http:\/\/walor.krakow.pl\/wp-content\/uploads\/2018\/07\/SAM_0783-e1533161726113.jpg\" data-rel=\"prettyPhoto[image_gallery_pretty_photo-582]\" title=\"SAM_0783\">\n\t\t\t\t\t\t\t\t\t\t\t<img loading=\"lazy\" decoding=\"async\" src=\"http:\/\/walor.krakow.pl\/wp-content\/uploads\/2018\/07\/SAM_0783-e1533161726113-800x800.jpg\" alt=\"\" width=\"800\" height=\"800\" \/>\t\t\t\t\t\t<span class=\"aig-gallery-hover\">\n\t\t\t\t\t\t\t\t\t\t\t\t\t<\/span>\n\t\t\t\t\t\t\t\t\t\t\t<\/a>\n\t\t\t\t\t\t\t\t\t<\/div>\n\t\t\t<\/div>\n\t\t\t\t\t\t\t\t<div class=\"qode-aig-image qode-item-space qode-aig-large-width-masonry-item\">\n\t\t\t\t<div class=\"qode-aig-image-inner\">\n\t\t\t\t\t\t\t\t\t\t\t<a itemprop=\"image\" class=\"qode-aig-lightbox\" href=\"http:\/\/walor.krakow.pl\/wp-content\/uploads\/2018\/07\/SAM_0762.jpg\" data-rel=\"prettyPhoto[image_gallery_pretty_photo-582]\" title=\"SAM_0762\">\n\t\t\t\t\t\t\t\t\t\t\t<img loading=\"lazy\" decoding=\"async\" src=\"http:\/\/walor.krakow.pl\/wp-content\/uploads\/2018\/07\/SAM_0762-800x800.jpg\" alt=\"\" width=\"800\" height=\"800\" \/>\t\t\t\t\t\t<span class=\"aig-gallery-hover\">\n\t\t\t\t\t\t\t\t\t\t\t\t\t<\/span>\n\t\t\t\t\t\t\t\t\t\t\t<\/a>\n\t\t\t\t\t\t\t\t\t<\/div>\n\t\t\t<\/div>\n\t\t\t<\/div>\n<\/div>[\/vc_column][\/vc_row]<\/p>\n<\/div>","protected":false},"excerpt":{"rendered":"<p>[vc_row css_animation=&#8221;&#8221; row_type=&#8221;row&#8221; use_row_as_full_screen_section=&#8221;no&#8221; type=&#8221;grid&#8221; angled_section=&#8221;no&#8221; text_align=&#8221;left&#8221; background_image_as_pattern=&#8221;without_pattern&#8221; z_index=&#8221;&#8221; css=&#8221;.vc_custom_1522417278763{padding-top: 25px !important;}&#8221;][vc_column offset=&#8221;vc_col-lg-offset-0 vc_col-lg-6 vc_col-md-offset-0 vc_col-md-12 vc_col-xs-12&#8243;][vc_column_text]Od 1989 roku zajmujemy si\u0119 wykonywaniem reklam, staraj\u0105c\u00a0 si\u0119\u00a0 sprosta\u0107 oczekiwaniom naszych Klient\u00f3w. Od 1992 do 2011 roku\u00a0 mieli\u015bmy\u00a0 siedzib\u0119 \u00a0w Krakowie\u00a0 przy\u00a0 ul. Zamenhofa 10\/3\u00a0 obecnie znajdujemy si\u0119&#8230;<\/p>\n","protected":false},"author":1,"featured_media":0,"parent":0,"menu_order":0,"comment_status":"closed","ping_status":"closed","template":"full_width.php","meta":{"footnotes":""},"class_list":["post-5","page","type-page","status-publish","hentry"],"_links":{"self":[{"href":"http:\/\/walor.krakow.pl\/index.php?rest_route=\/wp\/v2\/pages\/5","targetHints":{"allow":["GET"]}}],"collection":[{"href":"http:\/\/walor.krakow.pl\/index.php?rest_route=\/wp\/v2\/pages"}],"about":[{"href":"http:\/\/walor.krakow.pl\/index.php?rest_route=\/wp\/v2\/types\/page"}],"author":[{"embeddable":true,"href":"http:\/\/walor.krakow.pl\/index.php?rest_route=\/wp\/v2\/users\/1"}],"replies":[{"embeddable":true,"href":"http:\/\/walor.krakow.pl\/index.php?rest_route=%2Fwp%2Fv2%2Fcomments&post=5"}],"version-history":[{"count":14,"href":"http:\/\/walor.krakow.pl\/index.php?rest_route=\/wp\/v2\/pages\/5\/revisions"}],"predecessor-version":[{"id":255,"href":"http:\/\/walor.krakow.pl\/index.php?rest_route=\/wp\/v2\/pages\/5\/revisions\/255"}],"wp:attachment":[{"href":"http:\/\/walor.krakow.pl\/index.php?rest_route=%2Fwp%2Fv2%2Fmedia&parent=5"}],"curies":[{"name":"wp","href":"https:\/\/api.w.org\/{rel}","templated":true}]}}